{"id":135,"date":"2022-05-04T14:32:11","date_gmt":"2022-05-04T14:32:11","guid":{"rendered":"https:\/\/www.energieschmuck.ch\/?post_type=product&#038;p=135"},"modified":"2022-05-04T14:34:31","modified_gmt":"2022-05-04T14:34:31","slug":"in-der-ruhe-liegt-die-kraft","status":"publish","type":"product","link":"https:\/\/www.energieschmuck.ch\/?product=in-der-ruhe-liegt-die-kraft","title":{"rendered":"In der Ruhe liegt die Kraft"},"content":{"rendered":"<p>Diese handgekn\u00fcpfte Malakette aus Regalith-Kaiser-Jaspis und Lava mit Aquamarin-Anh\u00e4nger versetzt dich als Tr\u00e4gerin auf deinen inneren Thron: Du verbindest dich mit Leichtigkeit mit deiner Kraftquelle, wirst innerlich ruhig, klar, willensstark und verfolgst so deine Ziele fokussiert. Warum? Weil du genau weisst, wer du bist, was du willst und wie du dahin kommst.<\/p>\n","protected":false},"excerpt":{"rendered":"<p>Handgekn\u00fcpfte Malakette aus Regalith-Kaiser-Jaspis, Lava und goldfarbenen Zwischenteilen aus Metall.<\/p>\n","protected":false},"featured_media":36,"comment_status":"open","ping_status":"closed","template":"","meta":{"_et_pb_use_builder":"","_et_pb_old_content":"","_et_gb_content_width":"","spay_email":"","jetpack_publicize_message":"","jetpack_is_tweetstorm":false,"jetpack_publicize_feature_enabled":true},"product_cat":[17],"product_tag":[22,27,18,23,26,21,19,20,29,28],"class_list":{"0":"post-135","1":"product","2":"type-product","3":"status-publish","4":"has-post-thumbnail","6":"product_cat-energieketten","7":"product_tag-edelsteinketten","8":"product_tag-einzelstueck","9":"product_tag-energieketten","10":"product_tag-halbedelsteine","11":"product_tag-handgefertigt","12":"product_tag-handgeknuepft","13":"product_tag-malakette","14":"product_tag-malaketten","15":"product_tag-schutzsteine","16":"product_tag-yogaschmuck","18":"first","19":"instock","20":"shipping-taxable","21":"purchasable","22":"product-type-simple"},"_links":{"self":[{"href":"https:\/\/www.energieschmuck.ch\/index.php?rest_route=\/wp\/v2\/product\/135","targetHints":{"allow":["GET"]}}],"collection":[{"href":"https:\/\/www.energieschmuck.ch\/index.php?rest_route=\/wp\/v2\/product"}],"about":[{"href":"https:\/\/www.energieschmuck.ch\/index.php?rest_route=\/wp\/v2\/types\/product"}],"replies":[{"embeddable":true,"href":"https:\/\/www.energieschmuck.ch\/index.php?rest_route=%2Fwp%2Fv2%2Fcomments&post=135"}],"wp:featuredmedia":[{"embeddable":true,"href":"https:\/\/www.energieschmuck.ch\/index.php?rest_route=\/wp\/v2\/media\/36"}],"wp:attachment":[{"href":"https:\/\/www.energieschmuck.ch\/index.php?rest_route=%2Fwp%2Fv2%2Fmedia&parent=135"}],"wp:term":[{"taxonomy":"product_cat","embeddable":true,"href":"https:\/\/www.energieschmuck.ch\/index.php?rest_route=%2Fwp%2Fv2%2Fproduct_cat&post=135"},{"taxonomy":"product_tag","embeddable":true,"href":"https:\/\/www.energieschmuck.ch\/index.php?rest_route=%2Fwp%2Fv2%2Fproduct_tag&post=135"}],"curies":[{"name":"wp","href":"https:\/\/api.w.org\/{rel}","templated":true}]}}